{"id":1045,"date":"2025-10-06T18:00:26","date_gmt":"2025-10-06T16:00:26","guid":{"rendered":"https:\/\/entresaberesysabores.com\/?page_id=1045"},"modified":"2026-04-17T20:57:50","modified_gmt":"2026-04-17T18:57:50","slug":"acceso-prioritario","status":"publish","type":"page","link":"https:\/\/entresaberesysabores.com\/index.php\/acceso-prioritario\/","title":{"rendered":"Acceso Prioritario"},"content":{"rendered":"\n<p><\/p>\n\n\n\n<div class=\"wp-block-stackable-columns alignfull stk-block-columns stk-block stk-d89ea53\" data-block-id=\"d89ea53\"><style>.stk-d89ea53 {margin-top:var(--stk--preset--spacing--70, 3.38rem) !important;margin-bottom:var(--stk--preset--spacing--70, 3.38rem) !important;}<\/style><div class=\"stk-row stk-inner-blocks stk-block-content stk-content-align stk-d89ea53-column alignwide\">\n<div class=\"wp-block-stackable-column stk-block-column stk-column stk-block stk-5186971\" data-v=\"4\" data-block-id=\"5186971\"><div class=\"stk-column-wrapper stk-block-column__content stk-container stk-5186971-container stk--no-background stk--no-padding\"><div class=\"has-text-align-center stk-block-content stk-inner-blocks stk-5186971-inner-blocks\">\n<div class=\"wp-block-stackable-heading stk-block-heading stk-block-heading--v2 stk-block stk-7abd117\" id=\"heading-placeholder\" data-block-id=\"7abd117\"><style>.stk-7abd117 {margin-bottom:40px !important;}<\/style><h2 class=\"stk-block-heading__text\">\u00danete al Acceso Prioritario para ASES<\/h2><\/div>\n\n\n\n<div class=\"wp-block-stackable-columns stk-block-columns stk-block stk-abee3c0\" data-block-id=\"abee3c0\"><style>.stk-abee3c0 .stk--block-align-abee3c0{align-items:center !important;}<\/style><div class=\"stk-row stk-inner-blocks has-text-align-left stk--block-align-abee3c0 stk-block-content stk-content-align stk-abee3c0-column\">\n<div class=\"wp-block-stackable-column stk-block-column stk-column stk-block stk-493246d\" data-v=\"4\" data-block-id=\"493246d\"><div class=\"stk-column-wrapper stk-block-column__content stk-container stk-493246d-container stk--no-background stk--no-padding\"><div class=\"stk-block-content stk-inner-blocks stk-493246d-inner-blocks\">\n<div class=\"wp-block-stackable-heading stk-block-heading stk-block-heading--v2 stk-block stk-0753010\" id=\"long-subheading-placeholder\" data-block-id=\"0753010\"><h3 class=\"stk-block-heading__text\"><strong>Si eres un AS y quieres asegurar tu plaza o recibir la notificaci\u00f3n en <strong>Septiembre<\/strong> del inicio de inscripciones antes que nadie, escr\u00edbeme a: <\/strong><\/h3><\/div>\n\n\n\n<div class=\"wp-block-stackable-heading stk-block-heading stk-block-heading--v2 stk-block stk-4fe9d9c\" id=\"604-083-631\" data-block-id=\"4fe9d9c\"><h2 class=\"stk-block-heading__text\">604.083.631<\/h2><\/div>\n\n\n\n<div class=\"wp-block-stackable-text stk-block-text stk-block stk-d3607c5\" data-block-id=\"d3607c5\"><style>.stk-d3607c5 {margin-bottom:40px !important;}<\/style><p class=\"stk-block-text__text\"><\/p><\/div>\n<\/div><\/div><\/div>\n\n\n\n<div class=\"wp-block-stackable-column stk-block-column stk-column stk-block stk-5ba1750\" data-v=\"4\" data-block-id=\"5ba1750\"><div class=\"stk-column-wrapper stk-block-column__content stk-container stk-5ba1750-container stk--no-background stk--no-padding\"><div class=\"stk-block-content stk-inner-blocks stk-5ba1750-inner-blocks\">\n<div class=\"wp-block-stackable-image stk-block-image stk-block stk-5f9b9a8\" data-block-id=\"5f9b9a8\"><style>.stk-5f9b9a8 .stk-img-wrapper{aspect-ratio:1\/1 !important;height:auto !important;}@media screen and (max-width:999px){.stk-5f9b9a8 .stk-img-wrapper{height:auto !important;}}@media screen and (max-width:689px){.stk-5f9b9a8 .stk-img-wrapper{height:auto !important;}}<\/style><figure><span class=\"stk-img-wrapper stk-image--shape-stretch\"><img decoding=\"async\" class=\"stk-img wp-image-720 lazyload\" data-src=\"https:\/\/entresaberesysabores.com\/wp-content\/uploads\/2025\/08\/14.jpg\" width=\"1414\" height=\"2000\" data-srcset=\"https:\/\/entresaberesysabores.com\/wp-content\/uploads\/2025\/08\/14.jpg 1414w, https:\/\/entresaberesysabores.com\/wp-content\/uploads\/2025\/08\/14-212x300.jpg 212w, https:\/\/entresaberesysabores.com\/wp-content\/uploads\/2025\/08\/14-724x1024.jpg 724w, https:\/\/entresaberesysabores.com\/wp-content\/uploads\/2025\/08\/14-768x1086.jpg 768w, https:\/\/entresaberesysabores.com\/wp-content\/uploads\/2025\/08\/14-1086x1536.jpg 1086w\" data-sizes=\"auto, (max-width: 1414px) 100vw, 1414px\" src=\"data:image\/svg+xml;base64,PHN2ZyB3aWR0aD0iMSIgaGVpZ2h0PSIxIiB4bWxucz0iaHR0cDovL3d3dy53My5vcmcvMjAwMC9zdmciPjwvc3ZnPg==\" style=\"--smush-placeholder-width: 1414px; --smush-placeholder-aspect-ratio: 1414\/2000;\" \/><\/span><\/figure><\/div>\n<\/div><\/div><\/div>\n<\/div><\/div>\n<\/div><\/div><\/div>\n<\/div><\/div>\n\n\n\n<p><\/p>\n","protected":false},"excerpt":{"rendered":"<p>\u00danete al Acceso Prioritario para ASES Si eres un AS y quieres asegurar tu plaza o recibir la notificaci\u00f3n en Septiembre del inicio de inscripciones antes que nadie, escr\u00edbeme a: 604.083.631<\/p>\n","protected":false},"author":1,"featured_media":0,"parent":0,"menu_order":0,"comment_status":"closed","ping_status":"closed","template":"","meta":{"_gspb_post_css":"","om_disable_all_campaigns":false,"_monsterinsights_skip_tracking":false,"_monsterinsights_sitenote_active":false,"_monsterinsights_sitenote_note":"","_monsterinsights_sitenote_category":0,"_joinchat":[],"footnotes":""},"class_list":["post-1045","page","type-page","status-publish","hentry"],"blocksy_meta":[],"aioseo_notices":[],"_links":{"self":[{"href":"https:\/\/entresaberesysabores.com\/index.php\/wp-json\/wp\/v2\/pages\/1045","targetHints":{"allow":["GET"]}}],"collection":[{"href":"https:\/\/entresaberesysabores.com\/index.php\/wp-json\/wp\/v2\/pages"}],"about":[{"href":"https:\/\/entresaberesysabores.com\/index.php\/wp-json\/wp\/v2\/types\/page"}],"author":[{"embeddable":true,"href":"https:\/\/entresaberesysabores.com\/index.php\/wp-json\/wp\/v2\/users\/1"}],"replies":[{"embeddable":true,"href":"https:\/\/entresaberesysabores.com\/index.php\/wp-json\/wp\/v2\/comments?post=1045"}],"version-history":[{"count":11,"href":"https:\/\/entresaberesysabores.com\/index.php\/wp-json\/wp\/v2\/pages\/1045\/revisions"}],"predecessor-version":[{"id":1117,"href":"https:\/\/entresaberesysabores.com\/index.php\/wp-json\/wp\/v2\/pages\/1045\/revisions\/1117"}],"wp:attachment":[{"href":"https:\/\/entresaberesysabores.com\/index.php\/wp-json\/wp\/v2\/media?parent=1045"}],"curies":[{"name":"wp","href":"https:\/\/api.w.org\/{rel}","templated":true}]}}