{"id":653,"date":"2022-02-13T16:28:59","date_gmt":"2022-02-13T16:28:59","guid":{"rendered":"https:\/\/startersites.io\/stagingfour\/?page_id=653"},"modified":"2026-04-17T20:56:11","modified_gmt":"2026-04-17T18:56:11","slug":"about","status":"publish","type":"page","link":"https:\/\/entresaberesysabores.com\/index.php\/about\/","title":{"rendered":"Activa Tu As"},"content":{"rendered":"\n<div class=\"wp-block-stackable-spacer stk-block-spacer stk--no-padding stk-block stk-f6e3c5f\" data-block-id=\"f6e3c5f\"><style>.stk-f6e3c5f {height:66px !important;}@media screen and (max-width:999px){.stk-f6e3c5f {height:70px !important;}}<\/style><\/div>\n\n\n\n<div class=\"wp-block-stackable-columns alignfull stk-block-columns stk-block stk-ee8e4ee\" data-block-id=\"ee8e4ee\"><style>.stk-ee8e4ee .stk--block-align-ee8e4ee{align-items:center !important;}.stk-ee8e4ee {margin-top:var(--stk--preset--spacing--70, 3.38rem) !important;margin-bottom:var(--stk--preset--spacing--70, 3.38rem) !important;}@media screen and (max-width:999px){.stk-ee8e4ee {margin-bottom:nullpx !important;}}<\/style><div class=\"stk-row stk-inner-blocks stk--block-align-ee8e4ee stk-block-content stk-content-align stk-ee8e4ee-column alignwide\">\n<div class=\"wp-block-stackable-column stk-block-column stk-column stk-block stk-16ffef5\" data-v=\"4\" data-block-id=\"16ffef5\"><style>@media screen and (min-width:690px){.stk-16ffef5 {flex:var(--stk-flex-grow, 1) 1 calc(50% - var(--stk-column-gap, 0px) * 1 \/ 2 ) !important;}}<\/style><div class=\"stk-column-wrapper stk-block-column__content stk-container stk-16ffef5-container stk--no-background stk--no-padding\"><div class=\"has-text-align-center stk-block-content stk-inner-blocks stk-16ffef5-inner-blocks\">\n<div class=\"wp-block-stackable-image stk-block-image stk-block stk-1b255c6\" data-block-id=\"1b255c6\"><figure><span class=\"stk-img-wrapper stk-image--shape-stretch\"><img decoding=\"async\" class=\"stk-img wp-image-715 lazyload\" data-src=\"https:\/\/entresaberesysabores.com\/wp-content\/uploads\/2025\/08\/9.jpg\" width=\"1414\" height=\"2000\" data-srcset=\"https:\/\/entresaberesysabores.com\/wp-content\/uploads\/2025\/08\/9.jpg 1414w, https:\/\/entresaberesysabores.com\/wp-content\/uploads\/2025\/08\/9-212x300.jpg 212w, https:\/\/entresaberesysabores.com\/wp-content\/uploads\/2025\/08\/9-724x1024.jpg 724w, https:\/\/entresaberesysabores.com\/wp-content\/uploads\/2025\/08\/9-768x1086.jpg 768w, https:\/\/entresaberesysabores.com\/wp-content\/uploads\/2025\/08\/9-1086x1536.jpg 1086w\" data-sizes=\"auto, (max-width: 1414px) 100vw, 1414px\" src=\"data:image\/svg+xml;base64,PHN2ZyB3aWR0aD0iMSIgaGVpZ2h0PSIxIiB4bWxucz0iaHR0cDovL3d3dy53My5vcmcvMjAwMC9zdmciPjwvc3ZnPg==\" style=\"--smush-placeholder-width: 1414px; --smush-placeholder-aspect-ratio: 1414\/2000;\" \/><\/span><\/figure><\/div>\n<\/div><\/div><\/div>\n\n\n\n<div class=\"wp-block-stackable-column stk-block-column stk-column stk-block stk-2c1a5c7\" data-v=\"4\" data-block-id=\"2c1a5c7\"><style>@media screen and (min-width:690px){.stk-2c1a5c7 {flex:var(--stk-flex-grow, 1) 1 calc(50% - var(--stk-column-gap, 0px) * 1 \/ 2 ) !important;}}<\/style><div class=\"stk-column-wrapper stk-block-column__content stk-container stk-2c1a5c7-container stk--no-background stk--no-padding\"><div class=\"stk-block-content stk-inner-blocks stk-2c1a5c7-inner-blocks\">\n<div class=\"wp-block-stackable-text stk-block-text stk-block stk-257fb58\" data-block-id=\"257fb58\"><style>.stk-257fb58 .stk-block-text__text{font-size:var(--stk--preset--font-size--medium, 20px) !important;}@media screen and (max-width:999px){.stk-257fb58 .stk-block-text__text{font-size:var(--stk--preset--font-size--medium, 20px) !important;}}<\/style><p class=\"stk-block-text__text\">Despu\u00e9s de 3 ediciones, he decidido hacer una pausa para evolucionar.<br> <\/p><\/div>\n\n\n\n<p class=\"has-medium-font-size\">Durante estos meses, el programa est\u00e1 siendo <strong>redise\u00f1ado<\/strong> para <strong>adaptarse a\u00fan m\u00e1s a la realidad de las familias actuales:<\/strong> con formatos m\u00e1s flexibles, encuentros presenciales y el acompa\u00f1amiento profundo de siempre, pero <strong>m\u00e1s cerca de tu d\u00eda a d\u00eda.<br><\/strong><\/p>\n\n\n\n<p class=\"has-medium-font-size\"><strong>Las inscripciones para el curso 2026\/2027 se abrir\u00e1n en Septiembre<\/strong>.<\/p>\n\n\n\n<p class=\"has-medium-font-size\">No es solo un programa, es el camino para convertirte en el <strong>Adulto Significativo que la infancia de hoy necesita. Nos vemos a la vuelta del verano con una propuesta que cambiar\u00e1 tu forma de vivir la crianza. <\/strong><\/p>\n\n\n\n<p><\/p>\n\n\n\n<div class=\"wp-block-stackable-button-group stk-block-button-group stk-block stk-81cbcee\" data-block-id=\"81cbcee\"><div class=\"stk-row stk-inner-blocks stk-block-content stk-button-group\">\n<div class=\"wp-block-stackable-button stk-block-button stk-block stk-afeb6cc\" data-block-id=\"afeb6cc\"><style>.stk-afeb6cc .stk-button{background:var(--theme-palette-color-2, #473848) !important;}<\/style><a class=\"stk-link stk-button stk--hover-effect-darken\" href=\"https:\/\/entresaberesysabores.com\/index.php\/acceso-prioritario\/\" target=\"_blank\" rel=\"noreferrer noopener\"><span class=\"stk-button__inner-text\">Acceso Prioritario para ASES<\/span><\/a><\/div>\n<\/div><\/div>\n<\/div><\/div><\/div>\n<\/div><\/div>\n\n\n\n<div class=\"wp-block-stackable-columns alignfull stk-block-columns stk-block stk-4423121\" data-block-id=\"4423121\"><style>.stk-4423121 {margin-top:var(--stk--preset--spacing--70, 3.38rem) !important;margin-bottom:var(--stk--preset--spacing--70, 3.38rem) !important;}<\/style><div class=\"stk-row stk-inner-blocks stk-block-content stk-content-align stk-4423121-column alignwide\"><\/div><\/div>\n\n\n\n<div class=\"wp-block-stackable-columns alignfull stk-block-columns stk-block stk-567ba89\" data-block-id=\"567ba89\"><style>.stk-567ba89 {margin-top:var(--stk--preset--spacing--70, 3.38rem) !important;margin-bottom:var(--stk--preset--spacing--70, 3.38rem) !important;}<\/style><div class=\"stk-row stk-inner-blocks stk-block-content stk-content-align stk-567ba89-column alignwide\">\n<div class=\"wp-block-stackable-column stk-block-column stk-column stk-block stk-a865620\" data-v=\"4\" data-block-id=\"a865620\"><div class=\"stk-column-wrapper stk-block-column__content stk-container stk-a865620-container stk--no-background stk--no-padding\"><div class=\"stk-block-content stk-inner-blocks stk-a865620-inner-blocks\">\n<div class=\"wp-block-stackable-text stk-block-text stk-block stk-012cf80\" data-block-id=\"012cf80\"><p class=\"stk-block-text__text has-text-align-center\"><\/p><\/div>\n<\/div><\/div><\/div>\n<\/div><\/div>\n\n\n\n<div class=\"wp-block-stackable-heading stk-block-heading stk-block-heading--v2 stk-block stk-38674d1\" id=\"strong-em-tu-viaje-de-transformacion-personal-y-de-impacto-positivo-en-la-infancia-comienzan-aqui-em-strong\" data-block-id=\"38674d1\"><h2 class=\"stk-block-heading__text has-text-align-center\"><strong><em>\u00a1Tu viaje de transformaci\u00f3n personal y de impacto positivo en la infancia comienzan aqu\u00ed!<\/em><\/strong><\/h2><\/div>\n\n\n\n<div class=\"wp-block-stackable-button-group stk-block-button-group stk-block stk-0e53c68\" data-block-id=\"0e53c68\"><div class=\"stk-row stk-inner-blocks has-text-align-center stk-block-content stk-button-group\">\n<div class=\"wp-block-stackable-button stk-block-button is-style-ghost stk-block stk-3b6aabf\" data-block-id=\"3b6aabf\"><style>.stk-3b6aabf {border-color:var(--theme-palette-color-2, #473848) !important;}.stk-3b6aabf .stk-button{background:var(--theme-palette-color-2, #473848) !important;}.stk-3b6aabf .stk-button:hover:after{background:transparent !important;opacity:1 !important;}:where(.stk-hover-parent:hover,  .stk-hover-parent.stk--is-hovered) .stk-3b6aabf .stk-button:after{background:transparent !important;opacity:1 !important;}.stk-3b6aabf .stk-button:before{border-style:solid !important;}.stk-3b6aabf .stk-button .stk--inner-svg svg:last-child, .stk-3b6aabf .stk-button .stk--inner-svg svg:last-child :is(g, path, rect, polygon, ellipse){fill:var(--theme-palette-color-4, #ab85aa) !important;}.stk-3b6aabf .stk-button__inner-text{color:var(--theme-palette-color-8, #fbf9fb) !important;}<\/style><a class=\"stk-link stk-button stk--hover-effect-darken\" href=\"https:\/\/entresaberesysabores.com\/index.php\/acceso-prioritario\/\" target=\"_blank\" rel=\"noreferrer noopener\"><span class=\"has-text-color stk-button__inner-text\">Acceso Prioritario para ASES<\/span><\/a><\/div>\n<\/div><\/div>\n\n\n\n<div class=\"wp-block-stackable-columns alignfull stk-block-columns stk-block stk-864086e stk-block-background stk--has-background-overlay\" data-block-id=\"864086e\"><style>.stk-864086e {background-image:url(https:\/\/entresaberesysabores.com\/wp-content\/uploads\/2025\/08\/13-1.jpg) !important;min-height:400px !important;align-items:center !important;padding-top:var(--stk--preset--spacing--70, 3.38rem) !important;padding-right:var(--stk--preset--spacing--70, 3.38rem) !important;padding-bottom:var(--stk--preset--spacing--70, 3.38rem) !important;padding-left:var(--stk--preset--spacing--70, 3.38rem) !important;margin-bottom:0px !important;display:flex !important;}.stk-864086e:before{background-color:#000000 !important;opacity:0.5 !important;}<\/style><div class=\"stk-row stk-inner-blocks stk-block-content stk-content-align stk-864086e-column alignwide\"><\/div><\/div>\n\n\n\n<p><\/p>\n\n\n\n<div class=\"wp-block-stackable-columns alignfull stk-block-columns stk-block stk-4307100\" data-block-id=\"4307100\"><style>.stk-4307100 {margin-top:var(--stk--preset--spacing--70, 3.38rem) !important;margin-bottom:var(--stk--preset--spacing--70, 3.38rem) !important;}<\/style><div class=\"stk-row stk-inner-blocks stk-block-content stk-content-align stk-4307100-column alignwide\">\n<div class=\"wp-block-stackable-column stk-block-column stk-column stk-block stk-0888c99\" data-v=\"4\" data-block-id=\"0888c99\"><div class=\"stk-column-wrapper stk-block-column__content stk-container stk-0888c99-container stk--no-background stk--no-padding\"><div class=\"stk-block-content stk-inner-blocks stk-0888c99-inner-blocks\"><\/div><\/div><\/div>\n<\/div><\/div>\n","protected":false},"excerpt":{"rendered":"<p>Despu\u00e9s de 3 ediciones, he decidido hacer una pausa para evolucionar. Durante estos meses, el programa est\u00e1 siendo redise\u00f1ado para adaptarse a\u00fan m\u00e1s a la realidad de las familias actuales: con formatos m\u00e1s flexibles, encuentros presenciales y el acompa\u00f1amiento profundo de siempre, pero m\u00e1s cerca de tu d\u00eda a d\u00eda. Las inscripciones para el curso [&hellip;]<\/p>\n","protected":false},"author":1,"featured_media":0,"parent":0,"menu_order":0,"comment_status":"closed","ping_status":"closed","template":"","meta":{"_gspb_post_css":"","om_disable_all_campaigns":false,"_monsterinsights_skip_tracking":false,"_monsterinsights_sitenote_active":false,"_monsterinsights_sitenote_note":"","_monsterinsights_sitenote_category":0,"_joinchat":[],"footnotes":""},"class_list":["post-653","page","type-page","status-publish","hentry"],"blocksy_meta":{"styles_descriptor":{"styles":{"desktop":"","tablet":"","mobile":""},"google_fonts":[],"version":6},"page_title_panel":"","has_hero_section":"default","47531c9cc24d272b4d5f42bbe4da8bf0":"","hero_section":"type-1","hero_elements":[{"id":"custom_title","enabled":true,"heading_tag":"h1","title":"Home"},{"id":"custom_description","enabled":true,"description_visibility":{"desktop":true,"tablet":true,"mobile":false}},{"id":"custom_meta","enabled":false,"meta_elements":[{"id":"author","enabled":true,"label":"By","has_author_avatar":"yes","avatar_size":25},{"id":"post_date","enabled":true,"label":"On","date_format_source":"default","date_format":"M j, Y"},{"id":"updated_date","enabled":false,"label":"On","date_format_source":"default","date_format":"M j, Y"},{"id":"categories","enabled":false,"label":"In","style":"simple"},{"id":"comments","enabled":true}],"page_meta_elements":{"joined":true,"articles_count":true,"comments":true}},{"id":"breadcrumbs","enabled":false}],"87e21737c292eae681d6ec0215eb693f":"","hero_alignment1":"CT_CSS_SKIP_RULE","hero_margin":40,"hero_alignment2":"center","hero_vertical_alignment":"center","3c44f083dba4ae4a5300852a19810df6":"","hero_structure":"narrow","2b10ef27fe875036f9badb2e7195347f":"","page_title_bg_type":"featured_image","custom_hero_background":{"attachment_id":null},"parallax":{"desktop":false,"tablet":false,"mobile":false},"a86842ac07b9b2c9e49287abd318936e":"","hero_height":"250px","pageTitleFont":{"family":"Default","variation":"Default","size":"30px","line-height":"CT_CSS_SKIP_RULE","letter-spacing":"CT_CSS_SKIP_RULE","text-transform":"CT_CSS_SKIP_RULE","text-decoration":"CT_CSS_SKIP_RULE"},"pageTitleFontColor":{"default":{"color":"CT_CSS_SKIP_RULEDEFAULT"}},"pageMetaFont":{"family":"Default","variation":"n6","size":"12px","line-height":"1.3","letter-spacing":"CT_CSS_SKIP_RULE","text-transform":"uppercase","text-decoration":"CT_CSS_SKIP_RULE"},"pageMetaFontColor":{"default":{"color":"CT_CSS_SKIP_RULEDEFAULT"},"hover":{"color":"CT_CSS_SKIP_RULEDEFAULT"}},"page_meta_button_type_font_colors":{"default":{"color":"CT_CSS_SKIP_RULEDEFAULT"},"hover":{"color":"CT_CSS_SKIP_RULEDEFAULT"}},"page_meta_button_type_background_colors":{"default":{"color":"CT_CSS_SKIP_RULEDEFAULT"},"hover":{"color":"CT_CSS_SKIP_RULEDEFAULT"}},"pageExcerptFont":{"family":"Default","variation":"Default","size":"CT_CSS_SKIP_RULE","line-height":"CT_CSS_SKIP_RULE","letter-spacing":"CT_CSS_SKIP_RULE","text-transform":"CT_CSS_SKIP_RULE","text-decoration":"CT_CSS_SKIP_RULE"},"pageExcerptColor":{"default":{"color":"CT_CSS_SKIP_RULEDEFAULT"}},"breadcrumbsFont":{"family":"Default","variation":"Default","size":"CT_CSS_SKIP_RULE","line-height":"CT_CSS_SKIP_RULE","letter-spacing":"CT_CSS_SKIP_RULE","text-transform":"CT_CSS_SKIP_RULE","text-decoration":"CT_CSS_SKIP_RULE"},"breadcrumbsFontColor":{"default":{"color":"CT_CSS_SKIP_RULEDEFAULT"},"initial":{"color":"CT_CSS_SKIP_RULEDEFAULT"},"hover":{"color":"CT_CSS_SKIP_RULEDEFAULT"}},"pageTitleOverlay":{"background_type":"color","background_pattern":"type-1","background_image":{"attachment_id":null,"x":0,"y":0},"gradient":"linear-gradient(135deg,rgba(6,147,227,1) 0%,rgb(155,81,224) 100%)","background_repeat":"repeat","background_size":"auto","background_attachment":"scroll","patternColor":{"default":{"color":"#e5e7ea"}},"overlayColor":{"default":{"color":"CT_CSS_SKIP_RULE"}},"backgroundColor":{"default":{"color":"CT_CSS_SKIP_RULE"}}},"pageTitleBackground":{"background_type":"color","background_pattern":"type-1","background_image":{"attachment_id":null,"x":0,"y":0},"gradient":"linear-gradient(135deg,rgba(6,147,227,1) 0%,rgb(155,81,224) 100%)","background_repeat":"repeat","background_size":"auto","background_attachment":"scroll","patternColor":{"default":{"color":"#e5e7ea"}},"overlayColor":{"default":{"color":"CT_CSS_SKIP_RULE"}},"backgroundColor":{"default":{"color":"var(--theme-palette-color-6)"}}},"pageTitlePadding":{"top":"50px","bottom":"50px","left":"auto","right":"auto","linked":true},"7ceb88a653c0308f310135f4d8d70830":"","page_structure_type":"default","b6f2461d9e56992dd665c88b2bfaeb75":"","content_style_source":"inherit","content_style":"wide","vertical_spacing_source":"custom","content_area_spacing":"none","background":{"background_type":"color","background_pattern":"type-1","background_image":{"attachment_id":null,"x":0,"y":0},"gradient":"linear-gradient(135deg,rgba(6,147,227,1) 0%,rgb(155,81,224) 100%)","background_repeat":"repeat","background_size":"auto","background_attachment":"scroll","patternColor":{"default":{"color":"#e5e7ea"}},"overlayColor":{"default":{"color":"CT_CSS_SKIP_RULE"}},"backgroundColor":{"default":{"color":"CT_CSS_SKIP_RULE"}}},"content_background":{"background_type":"color","background_pattern":"type-1","background_image":{"attachment_id":null,"x":0,"y":0},"gradient":"linear-gradient(135deg,rgba(6,147,227,1) 0%,rgb(155,81,224) 100%)","background_repeat":"repeat","background_size":"auto","background_attachment":"scroll","patternColor":{"default":{"color":"#e5e7ea"}},"overlayColor":{"default":{"color":"CT_CSS_SKIP_RULE"}},"backgroundColor":{"default":{"color":"var(--theme-palette-color-8)"}}},"content_boxed_shadow":{"inherit":false,"blur":18,"spread":-6,"v_offset":12,"h_offset":0,"inset":false,"enable":true,"color":{"color":"rgba(34, 56, 101, 0.04)"}},"boxed_content_spacing":{"desktop":{"top":"40px","bottom":"40px","left":"40px","right":"40px","linked":true},"tablet":{"top":"35px","bottom":"35px","left":"35px","right":"35px","linked":true},"mobile":{"top":"20px","bottom":"20px","left":"20px","right":"20px","linked":true}},"content_boxed_radius":{"top":"3px","bottom":"3px","left":"3px","right":"3px","linked":true},"4cf193c4caaee4a2ef3bf4f68039811c":"","disable_featured_image":"no","disable_share_box":"no","disable_header":"no","disable_footer":"no"},"aioseo_notices":[],"_links":{"self":[{"href":"https:\/\/entresaberesysabores.com\/index.php\/wp-json\/wp\/v2\/pages\/653","targetHints":{"allow":["GET"]}}],"collection":[{"href":"https:\/\/entresaberesysabores.com\/index.php\/wp-json\/wp\/v2\/pages"}],"about":[{"href":"https:\/\/entresaberesysabores.com\/index.php\/wp-json\/wp\/v2\/types\/page"}],"author":[{"embeddable":true,"href":"https:\/\/entresaberesysabores.com\/index.php\/wp-json\/wp\/v2\/users\/1"}],"replies":[{"embeddable":true,"href":"https:\/\/entresaberesysabores.com\/index.php\/wp-json\/wp\/v2\/comments?post=653"}],"version-history":[{"count":70,"href":"https:\/\/entresaberesysabores.com\/index.php\/wp-json\/wp\/v2\/pages\/653\/revisions"}],"predecessor-version":[{"id":1115,"href":"https:\/\/entresaberesysabores.com\/index.php\/wp-json\/wp\/v2\/pages\/653\/revisions\/1115"}],"wp:attachment":[{"href":"https:\/\/entresaberesysabores.com\/index.php\/wp-json\/wp\/v2\/media?parent=653"}],"curies":[{"name":"wp","href":"https:\/\/api.w.org\/{rel}","templated":true}]}}