{"id":654,"date":"2022-02-13T16:32:27","date_gmt":"2022-02-13T16:32:27","guid":{"rendered":"https:\/\/startersites.io\/stagingfour\/?page_id=654"},"modified":"2025-11-01T23:12:30","modified_gmt":"2025-11-01T22:12:30","slug":"contact","status":"publish","type":"page","link":"https:\/\/entresaberesysabores.com\/index.php\/contact\/","title":{"rendered":"Activando ASES en Comedores Escolares"},"content":{"rendered":"\n<div class=\"wp-block-stackable-spacer stk-block-spacer stk--no-padding stk-block stk-3cdf45c\" data-block-id=\"3cdf45c\"><style>.stk-3cdf45c {height:100px !important;}@media screen and (max-width:999px){.stk-3cdf45c {height:70px !important;}}@media screen and (max-width:689px){.stk-3cdf45c {height:50px !important;}}<\/style><\/div>\n\n\n\n<div class=\"wp-block-stackable-columns alignfull stk-block-columns stk-block stk-0e55a5e\" data-block-id=\"0e55a5e\"><style>.stk-0e55a5e {margin-top:var(--stk--preset--spacing--70, 3.38rem) !important;}<\/style><div class=\"stk-row stk-inner-blocks stk-block-content stk-content-align stk-0e55a5e-column alignwide\">\n<div class=\"wp-block-stackable-column stk-block-column stk-column stk-block stk-b6c4518\" data-v=\"4\" data-block-id=\"b6c4518\"><div class=\"stk-column-wrapper stk-block-column__content stk-container stk-b6c4518-container stk--no-background stk--no-padding\"><div class=\"stk-block-content stk-inner-blocks stk-b6c4518-inner-blocks\">\n<div class=\"wp-block-stackable-image stk-block-image stk-block stk-c5631ad\" data-block-id=\"c5631ad\"><style>.stk-c5631ad .stk-img-wrapper{aspect-ratio:1\/1 !important;width:100% !important;height:850px !important;}<\/style><figure><span class=\"stk-img-wrapper stk-image--shape-stretch\"><img decoding=\"async\" class=\"stk-img wp-image-727 lazyload\" data-src=\"https:\/\/entresaberesysabores.com\/wp-content\/uploads\/2025\/08\/21.jpg\" width=\"1414\" height=\"2000\" data-srcset=\"https:\/\/entresaberesysabores.com\/wp-content\/uploads\/2025\/08\/21.jpg 1414w, https:\/\/entresaberesysabores.com\/wp-content\/uploads\/2025\/08\/21-212x300.jpg 212w, https:\/\/entresaberesysabores.com\/wp-content\/uploads\/2025\/08\/21-724x1024.jpg 724w, https:\/\/entresaberesysabores.com\/wp-content\/uploads\/2025\/08\/21-768x1086.jpg 768w, https:\/\/entresaberesysabores.com\/wp-content\/uploads\/2025\/08\/21-1086x1536.jpg 1086w\" data-sizes=\"auto, (max-width: 1414px) 100vw, 1414px\" src=\"data:image\/svg+xml;base64,PHN2ZyB3aWR0aD0iMSIgaGVpZ2h0PSIxIiB4bWxucz0iaHR0cDovL3d3dy53My5vcmcvMjAwMC9zdmciPjwvc3ZnPg==\" style=\"--smush-placeholder-width: 1414px; --smush-placeholder-aspect-ratio: 1414\/2000;\" \/><\/span><\/figure><\/div>\n<\/div><\/div><\/div>\n\n\n\n<div class=\"wp-block-stackable-column stk-block-column stk-column stk-block stk-d6231ba\" data-v=\"4\" data-block-id=\"d6231ba\"><style>.stk-d6231ba-inner-blocks{justify-content:center !important;}<\/style><div class=\"stk-column-wrapper stk-block-column__content stk-container stk-d6231ba-container stk--no-background stk--no-padding\"><div class=\"stk--column-flex stk-block-content stk-inner-blocks stk-d6231ba-inner-blocks\">\n<div class=\"wp-block-stackable-heading stk-block-heading stk-block-heading--v2 stk-block stk-62fe00f\" id=\"product-name-1-placeholder\" data-block-id=\"62fe00f\"><h2 class=\"stk-block-heading__text\">Formaci\u00f3n especializada para empresas de catering y asociaciones de familias.<\/h2><\/div>\n\n\n\n<div class=\"wp-block-stackable-icon-label stk-block-icon-label stk-block stk-51de2e6\" data-block-id=\"51de2e6\"><div class=\"stk-row stk-inner-blocks stk-block-content\">\n<div class=\"wp-block-stackable-icon stk-block-icon has-text-align-left stk-block stk-2b540ad\" data-block-id=\"2b540ad\"><style>.stk-2b540ad .stk--svg-wrapper .stk--inner-svg svg:last-child, .stk-2b540ad .stk--svg-wrapper .stk--inner-svg svg:last-child :is(g, path, rect, polygon, ellipse){fill:var(--theme-palette-color-4, #ab85aa) !important;}<\/style><span class=\"stk--svg-wrapper\"><div class=\"stk--inner-svg\"><svg style=\"height:0;width:0\"><defs><linearGradient id=\"linear-gradient-2b540ad\" x1=\"0\" x2=\"100%\" y1=\"0\" y2=\"0\"><stop offset=\"0%\" style=\"stop-opacity:1;stop-color:var(--linear-gradient-2-b-540-ad-color-1)\"><\/stop><stop offset=\"100%\" style=\"stop-opacity:1;stop-color:var(--linear-gradient-2-b-540-ad-color-2)\"><\/stop><\/linearGradient><\/defs><\/svg><svg xmlns=\"http:\/\/www.w3.org\/2000\/svg\" viewBox=\"0 0 448 512\" aria-hidden=\"true\" width=\"32\" height=\"32\"><path d=\"M438.6 105.4c12.5 12.5 12.5 32.8 0 45.3l-256 256c-12.5 12.5-32.8 12.5-45.3 0l-128-128c-12.5-12.5-12.5-32.8 0-45.3s32.8-12.5 45.3 0L160 338.7 393.4 105.4c12.5-12.5 32.8-12.5 45.3 0z\"><\/path><\/svg><\/div><\/span><\/div>\n\n\n\n<div class=\"wp-block-stackable-heading stk-block-heading stk-block-heading--v2 stk-block stk-169feaa\" id=\"feature-1-placeholder\" data-block-id=\"169feaa\"><h4 class=\"stk-block-heading__text\">Activo a los Adultos Significativos<\/h4><\/div>\n<\/div><\/div>\n\n\n\n<div class=\"wp-block-stackable-text stk-block-text stk-block stk-8812251\" data-block-id=\"8812251\"><p class=\"stk-block-text__text\">Dise\u00f1o programas formativos adaptados a las necesidades del personal de comedor escolar.<\/p><\/div>\n\n\n\n<p><\/p>\n\n\n\n<div class=\"wp-block-stackable-icon-label stk-block-icon-label stk-block stk-19c2036\" data-block-id=\"19c2036\"><div class=\"stk-row stk-inner-blocks stk-block-content\">\n<div class=\"wp-block-stackable-icon stk-block-icon has-text-align-left stk-block stk-1064207\" data-block-id=\"1064207\"><style>.stk-1064207 .stk--svg-wrapper .stk--inner-svg svg:last-child, .stk-1064207 .stk--svg-wrapper .stk--inner-svg svg:last-child :is(g, path, rect, polygon, ellipse){fill:var(--theme-palette-color-4, #ab85aa) !important;}<\/style><span class=\"stk--svg-wrapper\"><div class=\"stk--inner-svg\"><svg style=\"height:0;width:0\"><defs><linearGradient id=\"linear-gradient-1064207\" x1=\"0\" x2=\"100%\" y1=\"0\" y2=\"0\"><stop offset=\"0%\" style=\"stop-opacity:1;stop-color:var(--linear-gradient-1064207-color-1)\"><\/stop><stop offset=\"100%\" style=\"stop-opacity:1;stop-color:var(--linear-gradient-1064207-color-2)\"><\/stop><\/linearGradient><\/defs><\/svg><svg xmlns=\"http:\/\/www.w3.org\/2000\/svg\" viewBox=\"0 0 448 512\" aria-hidden=\"true\" width=\"32\" height=\"32\"><path d=\"M438.6 105.4c12.5 12.5 12.5 32.8 0 45.3l-256 256c-12.5 12.5-32.8 12.5-45.3 0l-128-128c-12.5-12.5-12.5-32.8 0-45.3s32.8-12.5 45.3 0L160 338.7 393.4 105.4c12.5-12.5 32.8-12.5 45.3 0z\"><\/path><\/svg><\/div><\/span><\/div>\n\n\n\n<div class=\"wp-block-stackable-heading stk-block-heading stk-block-heading--v2 stk-block stk-90df3f7\" id=\"feature-2-placeholder\" data-block-id=\"90df3f7\"><h4 class=\"stk-block-heading__text\">Acompa\u00f1amiento consciente<\/h4><\/div>\n<\/div><\/div>\n\n\n\n<div class=\"wp-block-stackable-text stk-block-text stk-block stk-df08ebc\" data-block-id=\"df08ebc\"><p class=\"stk-block-text__text\">Con 22 a\u00f1os de experiencia en el \u00e1mbito educativo, me enfoco en crear experiencias que impulsan el crecimiento personal y profesional, garantizando que el personal de comedor sea un pilar fundamental en la educaci\u00f3n de los ni\u00f1os.<\/p><\/div>\n\n\n\n<div class=\"wp-block-stackable-heading stk-block-heading stk-block-heading--v2 stk-block stk-e86a2b7\" id=\"agenda-una-consulta-gratuita-escribiendome-a\" data-block-id=\"e86a2b7\"><h4 class=\"stk-block-heading__text\">Agenda una consulta gratuita escribi\u00e9ndome a:<\/h4><\/div>\n\n\n\n<div class=\"wp-block-stackable-heading stk-block-heading stk-block-heading--v2 stk-block stk-1fd6cab\" id=\"strong-entresaberesysabores-gmail-com-strong\" data-block-id=\"1fd6cab\"><h3 class=\"stk-block-heading__text\"><strong>entresaberesysabores@gmail.com<\/strong><\/h3><\/div>\n<\/div><\/div><\/div>\n<\/div><\/div>\n\n\n\n<div class=\"wp-block-stackable-columns stk-block-columns stk-block stk-d5bda58\" data-block-id=\"d5bda58\"><style>.stk-d5bda58 {margin-bottom:0px !important;}.stk-d5bda58-column{--stk-column-gap:130px !important;row-gap:60px !important;}@media screen and (max-width:999px){.stk-d5bda58-column{--stk-column-gap:50px !important;}}<\/style><div class=\"stk-row stk-inner-blocks has-text-align-center-mobile stk-block-content stk-content-align stk-d5bda58-column\">\n<div class=\"wp-block-stackable-column stk-block-column stk-column stk-block stk-bd4e243\" data-v=\"4\" data-block-id=\"bd4e243\"><style>.stk-bd4e243-container{margin-top:0px !important;margin-right:0px !important;margin-bottom:0px !important;margin-left:0px !important;}@media screen and (min-width:690px){.stk-bd4e243 {flex:var(--stk-flex-grow, 1) 1 calc(65% - var(--stk-column-gap, 0px) * 1 \/ 2 ) !important;}}<\/style><div class=\"stk-column-wrapper stk-block-column__content stk-container stk-bd4e243-container stk--no-background stk--no-padding\"><div class=\"stk-block-content stk-inner-blocks stk-bd4e243-inner-blocks\"><\/div><\/div><\/div>\n\n\n\n<div class=\"wp-block-stackable-column stk-block-column stk-column stk-block stk-b9c9c39\" data-v=\"4\" data-block-id=\"b9c9c39\"><style>.stk-b9c9c39-container{margin-top:0px !important;margin-right:0px !important;margin-bottom:0px !important;margin-left:0px !important;}@media screen and (min-width:690px){.stk-b9c9c39 {flex:var(--stk-flex-grow, 1) 1 calc(35% - var(--stk-column-gap, 0px) * 1 \/ 2 ) !important;}}<\/style><div class=\"stk-column-wrapper stk-block-column__content stk-container stk-b9c9c39-container stk--no-background stk--no-padding\"><div class=\"stk-block-content stk-inner-blocks stk-b9c9c39-inner-blocks\">\n<div class=\"wp-block-stackable-spacer stk-block-spacer stk--no-padding stk-block stk-56c7d1b\" data-block-id=\"56c7d1b\"><style>.stk-56c7d1b {height:50px !important;}<\/style><\/div>\n<\/div><\/div><\/div>\n<\/div><\/div>\n\n\n\n<div class=\"wp-block-stackable-spacer stk-block-spacer stk--no-padding stk-block stk-7a35edd\" data-block-id=\"7a35edd\"><style>.stk-7a35edd {height:100px !important;}@media screen and (max-width:999px){.stk-7a35edd {height:70px !important;}}@media screen and (max-width:689px){.stk-7a35edd {height:70px !important;}}<\/style><\/div>\n\n\n\n<div class=\"wp-block-stackable-spacer stk-block-spacer stk--no-padding stk-block stk-51781c9\" data-block-id=\"51781c9\"><style>.stk-51781c9 {height:50px !important;}<\/style><\/div>\n\n\n\n\n\n<p><\/p>\n","protected":false},"excerpt":{"rendered":"<p>Formaci\u00f3n especializada para empresas de catering y asociaciones de familias. Activo a los Adultos Significativos Dise\u00f1o programas formativos adaptados a las necesidades del personal de comedor escolar. Acompa\u00f1amiento consciente Con 22 a\u00f1os de experiencia en el \u00e1mbito educativo, me enfoco en crear experiencias que impulsan el crecimiento personal y profesional, garantizando que el personal de [&hellip;]<\/p>\n","protected":false},"author":1,"featured_media":0,"parent":0,"menu_order":0,"comment_status":"closed","ping_status":"closed","template":"","meta":{"_gspb_post_css":"","om_disable_all_campaigns":false,"_monsterinsights_skip_tracking":false,"_monsterinsights_sitenote_active":false,"_monsterinsights_sitenote_note":"","_monsterinsights_sitenote_category":0,"_joinchat":[],"footnotes":""},"class_list":["post-654","page","type-page","status-publish","hentry"],"blocksy_meta":{"styles_descriptor":{"styles":{"desktop":"","tablet":"","mobile":""},"google_fonts":[],"version":6},"page_title_panel":"","has_hero_section":"default","db567741911212a6487ad77c7235ff4e":"","hero_section":"type-1","hero_elements":[{"id":"custom_title","enabled":true,"heading_tag":"h1","title":"Home"},{"id":"custom_description","enabled":true,"description_visibility":{"desktop":true,"tablet":true,"mobile":false}},{"id":"custom_meta","enabled":false,"meta_elements":[{"id":"author","enabled":true,"label":"By","has_author_avatar":"yes","avatar_size":25},{"id":"post_date","enabled":true,"label":"On","date_format_source":"default","date_format":"M j, Y"},{"id":"updated_date","enabled":false,"label":"On","date_format_source":"default","date_format":"M j, Y"},{"id":"categories","enabled":false,"label":"In","style":"simple"},{"id":"comments","enabled":true}],"page_meta_elements":{"joined":true,"articles_count":true,"comments":true}},{"id":"breadcrumbs","enabled":false}],"46a7bfb2347eb4634d2d85ba2c89301f":"","hero_alignment1":"CT_CSS_SKIP_RULE","hero_margin":40,"hero_alignment2":"center","hero_vertical_alignment":"center","04357bfccb4668ce5a987e34dc06edc4":"","hero_structure":"narrow","4992c1e4e4c6446d5f43691493dd6e4b":"","page_title_bg_type":"featured_image","custom_hero_background":{"attachment_id":null},"parallax":{"desktop":false,"tablet":false,"mobile":false},"86b7ee5a2649ba534360b742cb20231a":"","hero_height":"250px","pageTitleFont":{"family":"Default","variation":"Default","size":"30px","line-height":"CT_CSS_SKIP_RULE","letter-spacing":"CT_CSS_SKIP_RULE","text-transform":"CT_CSS_SKIP_RULE","text-decoration":"CT_CSS_SKIP_RULE"},"pageTitleFontColor":{"default":{"color":"CT_CSS_SKIP_RULEDEFAULT"}},"pageMetaFont":{"family":"Default","variation":"n6","size":"12px","line-height":"1.3","letter-spacing":"CT_CSS_SKIP_RULE","text-transform":"uppercase","text-decoration":"CT_CSS_SKIP_RULE"},"pageMetaFontColor":{"default":{"color":"CT_CSS_SKIP_RULEDEFAULT"},"hover":{"color":"CT_CSS_SKIP_RULEDEFAULT"}},"page_meta_button_type_font_colors":{"default":{"color":"CT_CSS_SKIP_RULEDEFAULT"},"hover":{"color":"CT_CSS_SKIP_RULEDEFAULT"}},"page_meta_button_type_background_colors":{"default":{"color":"CT_CSS_SKIP_RULEDEFAULT"},"hover":{"color":"CT_CSS_SKIP_RULEDEFAULT"}},"pageExcerptFont":{"family":"Default","variation":"Default","size":"CT_CSS_SKIP_RULE","line-height":"CT_CSS_SKIP_RULE","letter-spacing":"CT_CSS_SKIP_RULE","text-transform":"CT_CSS_SKIP_RULE","text-decoration":"CT_CSS_SKIP_RULE"},"pageExcerptColor":{"default":{"color":"CT_CSS_SKIP_RULEDEFAULT"}},"breadcrumbsFont":{"family":"Default","variation":"Default","size":"CT_CSS_SKIP_RULE","line-height":"CT_CSS_SKIP_RULE","letter-spacing":"CT_CSS_SKIP_RULE","text-transform":"CT_CSS_SKIP_RULE","text-decoration":"CT_CSS_SKIP_RULE"},"breadcrumbsFontColor":{"default":{"color":"CT_CSS_SKIP_RULEDEFAULT"},"initial":{"color":"CT_CSS_SKIP_RULEDEFAULT"},"hover":{"color":"CT_CSS_SKIP_RULEDEFAULT"}},"pageTitleOverlay":{"background_type":"color","background_pattern":"type-1","background_image":{"attachment_id":null,"x":0,"y":0},"gradient":"linear-gradient(135deg,rgba(6,147,227,1) 0%,rgb(155,81,224) 100%)","background_repeat":"repeat","background_size":"auto","background_attachment":"scroll","patternColor":{"default":{"color":"#e5e7ea"}},"overlayColor":{"default":{"color":"CT_CSS_SKIP_RULE"}},"backgroundColor":{"default":{"color":"CT_CSS_SKIP_RULE"}}},"pageTitleBackground":{"background_type":"color","background_pattern":"type-1","background_image":{"attachment_id":null,"x":0,"y":0},"gradient":"linear-gradient(135deg,rgba(6,147,227,1) 0%,rgb(155,81,224) 100%)","background_repeat":"repeat","background_size":"auto","background_attachment":"scroll","patternColor":{"default":{"color":"#e5e7ea"}},"overlayColor":{"default":{"color":"CT_CSS_SKIP_RULE"}},"backgroundColor":{"default":{"color":"var(--theme-palette-color-6)"}}},"pageTitlePadding":{"top":"50px","bottom":"50px","left":"auto","right":"auto","linked":true},"ec35447805dc43b925eef837508073fa":"","page_structure_type":"default","8e721d55ef1c936694f832c201ce78cb":"","content_style_source":"inherit","content_style":"wide","vertical_spacing_source":"custom","content_area_spacing":"none","background":{"background_type":"color","background_pattern":"type-1","background_image":{"attachment_id":null,"x":0,"y":0},"gradient":"linear-gradient(135deg,rgba(6,147,227,1) 0%,rgb(155,81,224) 100%)","background_repeat":"repeat","background_size":"auto","background_attachment":"scroll","patternColor":{"default":{"color":"#e5e7ea"}},"overlayColor":{"default":{"color":"CT_CSS_SKIP_RULE"}},"backgroundColor":{"default":{"color":"CT_CSS_SKIP_RULE"}}},"content_background":{"background_type":"color","background_pattern":"type-1","background_image":{"attachment_id":null,"x":0,"y":0},"gradient":"linear-gradient(135deg,rgba(6,147,227,1) 0%,rgb(155,81,224) 100%)","background_repeat":"repeat","background_size":"auto","background_attachment":"scroll","patternColor":{"default":{"color":"#e5e7ea"}},"overlayColor":{"default":{"color":"CT_CSS_SKIP_RULE"}},"backgroundColor":{"default":{"color":"var(--theme-palette-color-8)"}}},"content_boxed_shadow":{"inherit":false,"blur":18,"spread":-6,"v_offset":12,"h_offset":0,"inset":false,"enable":true,"color":{"color":"rgba(34, 56, 101, 0.04)"}},"boxed_content_spacing":{"desktop":{"top":"40px","bottom":"40px","left":"40px","right":"40px","linked":true},"tablet":{"top":"35px","bottom":"35px","left":"35px","right":"35px","linked":true},"mobile":{"top":"20px","bottom":"20px","left":"20px","right":"20px","linked":true}},"content_boxed_radius":{"top":"3px","bottom":"3px","left":"3px","right":"3px","linked":true},"1842a503b3240f204f30e3a0cf58ed01":"","disable_featured_image":"no","disable_share_box":"no","disable_header":"no","disable_footer":"no"},"aioseo_notices":[],"_links":{"self":[{"href":"https:\/\/entresaberesysabores.com\/index.php\/wp-json\/wp\/v2\/pages\/654","targetHints":{"allow":["GET"]}}],"collection":[{"href":"https:\/\/entresaberesysabores.com\/index.php\/wp-json\/wp\/v2\/pages"}],"about":[{"href":"https:\/\/entresaberesysabores.com\/index.php\/wp-json\/wp\/v2\/types\/page"}],"author":[{"embeddable":true,"href":"https:\/\/entresaberesysabores.com\/index.php\/wp-json\/wp\/v2\/users\/1"}],"replies":[{"embeddable":true,"href":"https:\/\/entresaberesysabores.com\/index.php\/wp-json\/wp\/v2\/comments?post=654"}],"version-history":[{"count":21,"href":"https:\/\/entresaberesysabores.com\/index.php\/wp-json\/wp\/v2\/pages\/654\/revisions"}],"predecessor-version":[{"id":1095,"href":"https:\/\/entresaberesysabores.com\/index.php\/wp-json\/wp\/v2\/pages\/654\/revisions\/1095"}],"wp:attachment":[{"href":"https:\/\/entresaberesysabores.com\/index.php\/wp-json\/wp\/v2\/media?parent=654"}],"curies":[{"name":"wp","href":"https:\/\/api.w.org\/{rel}","templated":true}]}}