{"id":848,"date":"2025-08-11T21:06:59","date_gmt":"2025-08-11T19:06:59","guid":{"rendered":"https:\/\/entresaberesysabores.com\/?page_id=848"},"modified":"2025-08-11T21:06:59","modified_gmt":"2025-08-11T19:06:59","slug":"aviso-de-privacidad","status":"publish","type":"page","link":"https:\/\/entresaberesysabores.com\/index.php\/aviso-de-privacidad\/","title":{"rendered":"Aviso de privacidad"},"content":{"rendered":"\n<pre class=\"wp-block-preformatted\"><br>Adriana Isabel Noronha Saldarriaga, comercialmente conocido como Entre Saberes y Sabores, con domicilio en Calle Terranova de Eiris, portal 3, 2D, A Coru\u00f1a. 15009, es el responsable del uso y protecci\u00f3n de sus datos personales.<br><br>FINALIDADES PRIMARIAS<br>Los datos personales que recabamos de usted, los utilizaremos para las siguientes finalidades que son necesarias para el servicio que solicita:<br><br>\u2022 Respuesta a mensajes del formulario de contacto<br>\u2022 Prestaci\u00f3n de cualquier servicio solicitado<br><br>DATOS PERSONALES RECABADOS<br>Para las finalidades se\u00f1aladas en el presente aviso de privacidad, podemos recabar sus datos de identificaci\u00f3n y contacto.<br><br>DERECHOS ARCO<br>Usted tiene derecho a conocer qu\u00e9 datos personales tenemos de usted, para qu\u00e9 los utilizamos y las condiciones del uso que les damos (Acceso). Asimismo, es su derecho solicitar la correcci\u00f3n de su informaci\u00f3n personal en caso de que est\u00e9 desactualizada, sea inexacta o incompleta (Rectificaci\u00f3n); que la eliminemos de nuestros registros o bases de datos cuando considere que la misma no est\u00e1 siendo utilizada adecuadamente (Cancelaci\u00f3n); as\u00ed como oponerse al uso de sus datos personales para fines espec\u00edficos (Oposici\u00f3n). Estos derechos se conocen como derechos ARCO.<br><br>Para el ejercicio de cualquiera de los derechos ARCO, usted deber\u00e1 presentar la solicitud respectiva a trav\u00e9s de los medios especificados. La respuesta a su solicitud ser\u00e1 atendida en un plazo m\u00e1ximo de 15 d\u00edas h\u00e1biles.<br><br>DATOS RECABADOS POR EL SITIO WEB<br>Nuestro sitio web recaba autom\u00e1ticamente los siguientes datos:<br><br>\u2022 Identificadores, nombre de usuario y contrase\u00f1as de sesi\u00f3n<br><br>CONTACTO<br>Para m\u00e1s informaci\u00f3n sobre este aviso de privacidad, puede contactarnos en:<br><br>Correo electr\u00f3nico: entresaberesysabores@gmail.com<br>Sitio web: www.entresaberesysabores.com<br><br>\u00daltima actualizaci\u00f3n: 11\/8\/2025<\/pre>\n","protected":false},"excerpt":{"rendered":"<p>Adriana Isabel Noronha Saldarriaga, comercialmente conocido como Entre Saberes y Sabores, con domicilio en Calle Terranova de Eiris, portal 3, 2D, A Coru\u00f1a. 15009, es el responsable del uso y protecci\u00f3n de sus datos personales.FINALIDADES PRIMARIASLos datos personales que recabamos de usted, los utilizaremos para las siguientes finalidades que son necesarias para el servicio que [&hellip;]<\/p>\n","protected":false},"author":1,"featured_media":0,"parent":0,"menu_order":0,"comment_status":"closed","ping_status":"closed","template":"","meta":{"_gspb_post_css":"","om_disable_all_campaigns":false,"_monsterinsights_skip_tracking":false,"_monsterinsights_sitenote_active":false,"_monsterinsights_sitenote_note":"","_monsterinsights_sitenote_category":0,"_joinchat":[],"footnotes":""},"class_list":["post-848","page","type-page","status-publish","hentry"],"blocksy_meta":[],"aioseo_notices":[],"_links":{"self":[{"href":"https:\/\/entresaberesysabores.com\/index.php\/wp-json\/wp\/v2\/pages\/848","targetHints":{"allow":["GET"]}}],"collection":[{"href":"https:\/\/entresaberesysabores.com\/index.php\/wp-json\/wp\/v2\/pages"}],"about":[{"href":"https:\/\/entresaberesysabores.com\/index.php\/wp-json\/wp\/v2\/types\/page"}],"author":[{"embeddable":true,"href":"https:\/\/entresaberesysabores.com\/index.php\/wp-json\/wp\/v2\/users\/1"}],"replies":[{"embeddable":true,"href":"https:\/\/entresaberesysabores.com\/index.php\/wp-json\/wp\/v2\/comments?post=848"}],"version-history":[{"count":2,"href":"https:\/\/entresaberesysabores.com\/index.php\/wp-json\/wp\/v2\/pages\/848\/revisions"}],"predecessor-version":[{"id":850,"href":"https:\/\/entresaberesysabores.com\/index.php\/wp-json\/wp\/v2\/pages\/848\/revisions\/850"}],"wp:attachment":[{"href":"https:\/\/entresaberesysabores.com\/index.php\/wp-json\/wp\/v2\/media?parent=848"}],"curies":[{"name":"wp","href":"https:\/\/api.w.org\/{rel}","templated":true}]}}