{"id":936,"date":"2025-09-03T06:30:40","date_gmt":"2025-09-03T04:30:40","guid":{"rendered":"https:\/\/entresaberesysabores.com\/?page_id=936"},"modified":"2025-11-01T23:15:19","modified_gmt":"2025-11-01T22:15:19","slug":"encuentros-entre-ases","status":"publish","type":"page","link":"https:\/\/entresaberesysabores.com\/index.php\/encuentros-entre-ases\/","title":{"rendered":"Encuentros de ASES"},"content":{"rendered":"\n<div class=\"wp-block-stackable-spacer stk-block-spacer stk--no-padding stk-block stk-3cdf45c\" data-block-id=\"3cdf45c\"><style>.stk-3cdf45c {height:100px !important;}@media screen and (max-width:999px){.stk-3cdf45c {height:70px !important;}}@media screen and (max-width:689px){.stk-3cdf45c {height:50px !important;}}<\/style><\/div>\n\n\n\n<div class=\"wp-block-stackable-columns alignfull stk-block-columns stk-block stk-0e55a5e\" data-block-id=\"0e55a5e\"><style>.stk-0e55a5e {margin-top:var(u002du002dstku002du002dpresetu002du002dspacingu002du002d70, 3.38rem) !important;}<\/style><div class=\"stk-row stk-inner-blocks stk-block-content stk-content-align stk-0e55a5e-column alignwide\">\n<div class=\"wp-block-stackable-column stk-block-column stk-column stk-block stk-b6c4518\" data-v=\"4\" data-block-id=\"b6c4518\"><div class=\"stk-column-wrapper stk-block-column__content stk-container stk-b6c4518-container stk--no-background stk--no-padding\"><div class=\"stk-block-content stk-inner-blocks stk-b6c4518-inner-blocks\">\n<div class=\"wp-block-stackable-image stk-block-image stk-block stk-c5631ad\" data-block-id=\"c5631ad\"><style>.stk-c5631ad .stk-img-wrapper{aspect-ratio:1\/1 !important;width:100% !important;height:850px !important;}<\/style><figure><span class=\"stk-img-wrapper stk-image--shape-stretch\"><img decoding=\"async\" class=\"stk-img wp-image-723 lazyload\" data-src=\"https:\/\/entresaberesysabores.com\/wp-content\/uploads\/2025\/08\/17.jpg\" width=\"1414\" height=\"2000\" data-srcset=\"https:\/\/entresaberesysabores.com\/wp-content\/uploads\/2025\/08\/17.jpg 1414w, https:\/\/entresaberesysabores.com\/wp-content\/uploads\/2025\/08\/17-212x300.jpg 212w, https:\/\/entresaberesysabores.com\/wp-content\/uploads\/2025\/08\/17-724x1024.jpg 724w, https:\/\/entresaberesysabores.com\/wp-content\/uploads\/2025\/08\/17-768x1086.jpg 768w, https:\/\/entresaberesysabores.com\/wp-content\/uploads\/2025\/08\/17-1086x1536.jpg 1086w\" data-sizes=\"auto, (max-width: 1414px) 100vw, 1414px\" src=\"data:image\/svg+xml;base64,PHN2ZyB3aWR0aD0iMSIgaGVpZ2h0PSIxIiB4bWxucz0iaHR0cDovL3d3dy53My5vcmcvMjAwMC9zdmciPjwvc3ZnPg==\" style=\"--smush-placeholder-width: 1414px; --smush-placeholder-aspect-ratio: 1414\/2000;\" \/><\/span><\/figure><\/div>\n<\/div><\/div><\/div>\n\n\n\n<div class=\"wp-block-stackable-column stk-block-column stk-column stk-block stk-d6231ba\" data-v=\"4\" data-block-id=\"d6231ba\"><style>.stk-d6231ba-inner-blocks{justify-content:center !important;}<\/style><div class=\"stk-column-wrapper stk-block-column__content stk-container stk-d6231ba-container stk--no-background stk--no-padding\"><div class=\"stk--column-flex stk-block-content stk-inner-blocks stk-d6231ba-inner-blocks\">\n<div class=\"wp-block-stackable-heading stk-block-heading stk-block-heading--v2 stk-block stk-3d378b5\" id=\"product-name-1-placeholder\" data-block-id=\"3d378b5\"><h2 class=\"stk-block-heading__text\"><strong>Un fin de semana intensivo para redescubrir la magia de ser familia.<\/strong><\/h2><\/div>\n\n\n\n<p>M\u00e1s que una formaci\u00f3n para el personal de tu empresa, es un viaje de conexi\u00f3n profunda que les permitir\u00e1 <strong>desbloquear<\/strong> una nueva forma de crianza. Este encuentro <strong>canaliza<\/strong> lo mejor del <strong>programa \u00abActiva tu AS\u00bb<\/strong> para que, al vivirlo <strong>junto a sus hijos<\/strong>, la experiencia sea mucho m\u00e1s significativa.<\/p>\n\n\n\n<p>Volver\u00e1n a casa con la certeza de haber activado su <strong>Adulto Significativo<\/strong> m\u00e1s poderoso y con herramientas valiosas para <strong>crear lazos que durar\u00e1n toda la vida.<\/strong><\/p>\n\n\n\n<p><\/p>\n\n\n\n<div class=\"wp-block-stackable-heading stk-block-heading stk-block-heading--v2 stk-block stk-148b73f\" id=\"agenda-una-consulta-gratuita-para-contarte-los-beneficios-de-invertir-en-este-fin-de-semana-para-tus-empleados-y-sus-familias-escribiendome-a\" data-block-id=\"148b73f\"><h4 class=\"stk-block-heading__text\">Agenda una consulta gratuita para contarte los beneficios de invertir en este fin de semana para tus empleados y sus familias, escribi\u00e9ndome a:<\/h4><\/div>\n\n\n\n<div class=\"wp-block-stackable-heading stk-block-heading stk-block-heading--v2 stk-block stk-01d4400\" id=\"entresaberesysabores-gmail-com\" data-block-id=\"01d4400\"><h3 class=\"stk-block-heading__text\">entresaberesysabores@gmail.com<\/h3><\/div>\n\n\n\n<p><\/p>\n<\/div><\/div><\/div>\n<\/div><\/div>\n\n\n\n<div class=\"wp-block-stackable-columns stk-block-columns stk-block stk-d5bda58\" data-block-id=\"d5bda58\"><style>.stk-d5bda58 {margin-bottom:0px !important;}.stk-d5bda58-column{--stk-column-gap:130px !important;row-gap:60px !important;}@media screen and (max-width:999px){.stk-d5bda58-column{--stk-column-gap:50px !important;}}<\/style><div class=\"stk-row stk-inner-blocks has-text-align-center-mobile stk-block-content stk-content-align stk-d5bda58-column\">\n<div class=\"wp-block-stackable-column stk-block-column stk-column stk-block stk-bd4e243\" data-v=\"4\" data-block-id=\"bd4e243\"><style>.stk-bd4e243-container{margin-top:0px !important;margin-right:0px !important;margin-bottom:0px !important;margin-left:0px !important;}@media screen and (min-width:690px){.stk-bd4e243 {flex:var(--stk-flex-grow, 1) 1 calc(65% - var(--stk-column-gap, 0px) * 1 \/ 2 ) !important;}}<\/style><div class=\"stk-column-wrapper stk-block-column__content stk-container stk-bd4e243-container stk--no-background stk--no-padding\"><div class=\"stk-block-content stk-inner-blocks stk-bd4e243-inner-blocks\"><\/div><\/div><\/div>\n\n\n\n<div class=\"wp-block-stackable-column stk-block-column stk-column stk-block stk-b9c9c39\" data-v=\"4\" data-block-id=\"b9c9c39\"><style>.stk-b9c9c39-container{margin-top:0px !important;margin-right:0px !important;margin-bottom:0px !important;margin-left:0px !important;}@media screen and (min-width:690px){.stk-b9c9c39 {flex:var(--stk-flex-grow, 1) 1 calc(35% - var(--stk-column-gap, 0px) * 1 \/ 2 ) !important;}}<\/style><div class=\"stk-column-wrapper stk-block-column__content stk-container stk-b9c9c39-container stk--no-background stk--no-padding\"><div class=\"stk-block-content stk-inner-blocks stk-b9c9c39-inner-blocks\">\n<div class=\"wp-block-stackable-spacer stk-block-spacer stk--no-padding stk-block stk-56c7d1b\" data-block-id=\"56c7d1b\"><style>.stk-56c7d1b {height:50px !important;}<\/style><\/div>\n<\/div><\/div><\/div>\n<\/div><\/div>\n\n\n\n<div class=\"wp-block-stackable-spacer stk-block-spacer stk--no-padding stk-block stk-7a35edd\" data-block-id=\"7a35edd\"><style>.stk-7a35edd {height:100px !important;}@media screen and (max-width:999px){.stk-7a35edd {height:70px !important;}}@media screen and (max-width:689px){.stk-7a35edd {height:70px !important;}}<\/style><\/div>\n\n\n\n<div class=\"wp-block-stackable-spacer stk-block-spacer stk--no-padding stk-block stk-51781c9\" data-block-id=\"51781c9\"><style>.stk-51781c9 {height:50px !important;}<\/style><\/div>\n\n\n\n\n\n<p><\/p>\n","protected":false},"excerpt":{"rendered":"<p>Un fin de semana intensivo para redescubrir la magia de ser familia. M\u00e1s que una formaci\u00f3n para el personal de tu empresa, es un viaje de conexi\u00f3n profunda que les permitir\u00e1 desbloquear una nueva forma de crianza. Este encuentro canaliza lo mejor del programa \u00abActiva tu AS\u00bb para que, al vivirlo junto a sus hijos, [&hellip;]<\/p>\n","protected":false},"author":1,"featured_media":0,"parent":0,"menu_order":0,"comment_status":"closed","ping_status":"closed","template":"","meta":{"_gspb_post_css":"","om_disable_all_campaigns":false,"_monsterinsights_skip_tracking":false,"_monsterinsights_sitenote_active":false,"_monsterinsights_sitenote_note":"","_monsterinsights_sitenote_category":0,"_joinchat":[],"footnotes":""},"class_list":["post-936","page","type-page","status-publish","hentry"],"blocksy_meta":{"styles_descriptor":{"styles":{"desktop":"","tablet":"","mobile":""},"google_fonts":[],"version":6},"page_title_panel":"","has_hero_section":"default","db567741911212a6487ad77c7235ff4e":"","hero_section":"type-1","hero_elements":[{"id":"custom_title","enabled":true,"heading_tag":"h1","title":"Home"},{"id":"custom_description","enabled":true,"description_visibility":{"desktop":true,"tablet":true,"mobile":false}},{"id":"custom_meta","enabled":false,"meta_elements":[{"id":"author","enabled":true,"label":"By","has_author_avatar":"yes","avatar_size":25},{"id":"post_date","enabled":true,"label":"On","date_format_source":"default","date_format":"M j, Y"},{"id":"updated_date","enabled":false,"label":"On","date_format_source":"default","date_format":"M j, Y"},{"id":"categories","enabled":false,"label":"In","style":"simple"},{"id":"comments","enabled":true}],"page_meta_elements":{"joined":true,"articles_count":true,"comments":true}},{"id":"breadcrumbs","enabled":false}],"46a7bfb2347eb4634d2d85ba2c89301f":"","hero_alignment1":"CT_CSS_SKIP_RULE","hero_margin":40,"hero_alignment2":"center","hero_vertical_alignment":"center","04357bfccb4668ce5a987e34dc06edc4":"","hero_structure":"narrow","4992c1e4e4c6446d5f43691493dd6e4b":"","page_title_bg_type":"featured_image","custom_hero_background":{"attachment_id":null},"parallax":{"desktop":false,"tablet":false,"mobile":false},"86b7ee5a2649ba534360b742cb20231a":"","hero_height":"250px","pageTitleFont":{"family":"Default","variation":"Default","size":"30px","line-height":"CT_CSS_SKIP_RULE","letter-spacing":"CT_CSS_SKIP_RULE","text-transform":"CT_CSS_SKIP_RULE","text-decoration":"CT_CSS_SKIP_RULE"},"pageTitleFontColor":{"default":{"color":"CT_CSS_SKIP_RULEDEFAULT"}},"pageMetaFont":{"family":"Default","variation":"n6","size":"12px","line-height":"1.3","letter-spacing":"CT_CSS_SKIP_RULE","text-transform":"uppercase","text-decoration":"CT_CSS_SKIP_RULE"},"pageMetaFontColor":{"default":{"color":"CT_CSS_SKIP_RULEDEFAULT"},"hover":{"color":"CT_CSS_SKIP_RULEDEFAULT"}},"page_meta_button_type_font_colors":{"default":{"color":"CT_CSS_SKIP_RULEDEFAULT"},"hover":{"color":"CT_CSS_SKIP_RULEDEFAULT"}},"page_meta_button_type_background_colors":{"default":{"color":"CT_CSS_SKIP_RULEDEFAULT"},"hover":{"color":"CT_CSS_SKIP_RULEDEFAULT"}},"pageExcerptFont":{"family":"Default","variation":"Default","size":"CT_CSS_SKIP_RULE","line-height":"CT_CSS_SKIP_RULE","letter-spacing":"CT_CSS_SKIP_RULE","text-transform":"CT_CSS_SKIP_RULE","text-decoration":"CT_CSS_SKIP_RULE"},"pageExcerptColor":{"default":{"color":"CT_CSS_SKIP_RULEDEFAULT"}},"breadcrumbsFont":{"family":"Default","variation":"Default","size":"CT_CSS_SKIP_RULE","line-height":"CT_CSS_SKIP_RULE","letter-spacing":"CT_CSS_SKIP_RULE","text-transform":"CT_CSS_SKIP_RULE","text-decoration":"CT_CSS_SKIP_RULE"},"breadcrumbsFontColor":{"default":{"color":"CT_CSS_SKIP_RULEDEFAULT"},"initial":{"color":"CT_CSS_SKIP_RULEDEFAULT"},"hover":{"color":"CT_CSS_SKIP_RULEDEFAULT"}},"pageTitleOverlay":{"background_type":"color","background_pattern":"type-1","background_image":{"attachment_id":null,"x":0,"y":0},"gradient":"linear-gradient(135deg,rgba(6,147,227,1) 0%,rgb(155,81,224) 100%)","background_repeat":"repeat","background_size":"auto","background_attachment":"scroll","patternColor":{"default":{"color":"#e5e7ea"}},"overlayColor":{"default":{"color":"CT_CSS_SKIP_RULE"}},"backgroundColor":{"default":{"color":"CT_CSS_SKIP_RULE"}}},"pageTitleBackground":{"background_type":"color","background_pattern":"type-1","background_image":{"attachment_id":null,"x":0,"y":0},"gradient":"linear-gradient(135deg,rgba(6,147,227,1) 0%,rgb(155,81,224) 100%)","background_repeat":"repeat","background_size":"auto","background_attachment":"scroll","patternColor":{"default":{"color":"#e5e7ea"}},"overlayColor":{"default":{"color":"CT_CSS_SKIP_RULE"}},"backgroundColor":{"default":{"color":"var(--theme-palette-color-6)"}}},"pageTitlePadding":{"top":"50px","bottom":"50px","left":"auto","right":"auto","linked":true},"ec35447805dc43b925eef837508073fa":"","page_structure_type":"default","8e721d55ef1c936694f832c201ce78cb":"","content_style_source":"inherit","content_style":"wide","vertical_spacing_source":"custom","content_area_spacing":"none","background":{"background_type":"color","background_pattern":"type-1","background_image":{"attachment_id":null,"x":0,"y":0},"gradient":"linear-gradient(135deg,rgba(6,147,227,1) 0%,rgb(155,81,224) 100%)","background_repeat":"repeat","background_size":"auto","background_attachment":"scroll","patternColor":{"default":{"color":"#e5e7ea"}},"overlayColor":{"default":{"color":"CT_CSS_SKIP_RULE"}},"backgroundColor":{"default":{"color":"CT_CSS_SKIP_RULE"}}},"content_background":{"background_type":"color","background_pattern":"type-1","background_image":{"attachment_id":null,"x":0,"y":0},"gradient":"linear-gradient(135deg,rgba(6,147,227,1) 0%,rgb(155,81,224) 100%)","background_repeat":"repeat","background_size":"auto","background_attachment":"scroll","patternColor":{"default":{"color":"#e5e7ea"}},"overlayColor":{"default":{"color":"CT_CSS_SKIP_RULE"}},"backgroundColor":{"default":{"color":"var(--theme-palette-color-8)"}}},"content_boxed_shadow":{"inherit":false,"blur":18,"spread":-6,"v_offset":12,"h_offset":0,"inset":false,"enable":true,"color":{"color":"rgba(34, 56, 101, 0.04)"}},"boxed_content_spacing":{"desktop":{"top":"40px","bottom":"40px","left":"40px","right":"40px","linked":true},"tablet":{"top":"35px","bottom":"35px","left":"35px","right":"35px","linked":true},"mobile":{"top":"20px","bottom":"20px","left":"20px","right":"20px","linked":true}},"content_boxed_radius":{"top":"3px","bottom":"3px","left":"3px","right":"3px","linked":true},"1842a503b3240f204f30e3a0cf58ed01":"","disable_featured_image":"no","disable_share_box":"no","disable_header":"no","disable_footer":"no"},"aioseo_notices":[],"_links":{"self":[{"href":"https:\/\/entresaberesysabores.com\/index.php\/wp-json\/wp\/v2\/pages\/936","targetHints":{"allow":["GET"]}}],"collection":[{"href":"https:\/\/entresaberesysabores.com\/index.php\/wp-json\/wp\/v2\/pages"}],"about":[{"href":"https:\/\/entresaberesysabores.com\/index.php\/wp-json\/wp\/v2\/types\/page"}],"author":[{"embeddable":true,"href":"https:\/\/entresaberesysabores.com\/index.php\/wp-json\/wp\/v2\/users\/1"}],"replies":[{"embeddable":true,"href":"https:\/\/entresaberesysabores.com\/index.php\/wp-json\/wp\/v2\/comments?post=936"}],"version-history":[{"count":9,"href":"https:\/\/entresaberesysabores.com\/index.php\/wp-json\/wp\/v2\/pages\/936\/revisions"}],"predecessor-version":[{"id":1098,"href":"https:\/\/entresaberesysabores.com\/index.php\/wp-json\/wp\/v2\/pages\/936\/revisions\/1098"}],"wp:attachment":[{"href":"https:\/\/entresaberesysabores.com\/index.php\/wp-json\/wp\/v2\/media?parent=936"}],"curies":[{"name":"wp","href":"https:\/\/api.w.org\/{rel}","templated":true}]}}